{"id":6,"date":"2016-03-13T08:37:28","date_gmt":"2016-03-13T08:37:28","guid":{"rendered":"https:\/\/www.le-gros-caillou.fr\/?page_id=6"},"modified":"2016-03-15T11:26:50","modified_gmt":"2016-03-15T11:26:50","slug":"photos","status":"publish","type":"page","link":"https:\/\/wpgit-staging.chrilleferna.opalstacked.com\/fr\/photos\/","title":{"rendered":"Photos"},"content":{"rendered":"<div tabindex=\"0\" class=\"cycloneslider cycloneslider-template-standard cycloneslider-width-responsive\" id=\"cycloneslider-roche-1\" style=\"max-width:800px\" > <div class=\"cycloneslider-slides cycle-slideshow\" data-cycle-allow-wrap=\"true\" data-cycle-dynamic-height=\"off\" data-cycle-auto-height=\"800:556\" data-cycle-auto-height-easing=\"null\" data-cycle-auto-height-speed=\"250\" data-cycle-delay=\"0\" data-cycle-easing=\"\" data-cycle-fx=\"fade\" data-cycle-hide-non-active=\"true\" data-cycle-log=\"false\" data-cycle-next=\"#cycloneslider-roche-1 .cycloneslider-next\" data-cycle-pager=\"#cycloneslider-roche-1 .cycloneslider-pager\" data-cycle-pause-on-hover=\"true\" data-cycle-prev=\"#cycloneslider-roche-1 .cycloneslider-prev\" data-cycle-slides=\"&gt; div\" data-cycle-speed=\"1000\" data-cycle-swipe=\"1\" data-cycle-tile-count=\"7\" data-cycle-tile-delay=\"100\" data-cycle-tile-vertical=\"true\" data-cycle-timeout=\"0\" > <div class=\"cycloneslider-slide cycloneslider-slide-image\" > <img src=\"https:\/\/wpgit-staging.chrilleferna.opalstacked.com\/wp-content\/uploads\/2016\/03\/DSC8058-800x556.jpg\" alt=\"\" title=\"\" \/> <div class=\"cycloneslider-caption\"> <div class=\"cycloneslider-caption-title\">Le chalet<\/div> <div class=\"cycloneslider-caption-description\">Au fond : les pistes de luge de la Colline des Bains<\/div> <\/div> <\/div> <div class=\"cycloneslider-slide cycloneslider-slide-image\" > <img src=\"https:\/\/wpgit-staging.chrilleferna.opalstacked.com\/wp-content\/uploads\/2019\/01\/Location_Villard_de_Lans-800x556.jpg\" alt=\"\" title=\"\" \/> <div class=\"cycloneslider-caption\"> <div class=\"cycloneslider-caption-title\">Chambre 3<\/div> <div class=\"cycloneslider-caption-description\">Lit double 160 cm<\/div> <\/div> <\/div> <div class=\"cycloneslider-slide cycloneslider-slide-image\" > <img src=\"https:\/\/wpgit-staging.chrilleferna.opalstacked.com\/wp-content\/uploads\/2016\/03\/DSC8730-800x556.jpg\" alt=\"\" title=\"\" \/> <div class=\"cycloneslider-caption\"> <div class=\"cycloneslider-caption-title\">Chambre 2<\/div> <div class=\"cycloneslider-caption-description\">Lit double 140 cm<\/div> <\/div> <\/div> <div class=\"cycloneslider-slide cycloneslider-slide-image\" > <img src=\"https:\/\/wpgit-staging.chrilleferna.opalstacked.com\/wp-content\/uploads\/2019\/01\/Location_Villard_de_lans_Chambre-800x556.jpg\" alt=\"\" title=\"\" \/> <div class=\"cycloneslider-caption\"> <div class=\"cycloneslider-caption-title\">Chambre 1<\/div> <div class=\"cycloneslider-caption-description\">Lit double 140 cm et acc\u00e8s douche\/WC<\/div> <\/div> <\/div> <div class=\"cycloneslider-slide cycloneslider-slide-image\" > <img src=\"https:\/\/wpgit-staging.chrilleferna.opalstacked.com\/wp-content\/uploads\/2016\/03\/DSC8065-800x556.jpg\" alt=\"\" title=\"\" \/> <div class=\"cycloneslider-caption\"> <div class=\"cycloneslider-caption-title\">Salon<\/div> <div class=\"cycloneslider-caption-description\">Salon avec l'entr\u00e9e du jardin et coin cuisine. Les tables peuvent s'agrandir facilement.<\/div> <\/div> <\/div> <div class=\"cycloneslider-slide cycloneslider-slide-image\" > <img src=\"https:\/\/wpgit-staging.chrilleferna.opalstacked.com\/wp-content\/uploads\/2016\/03\/DSC8721-1-800x556.jpg\" alt=\"\" title=\"\" \/> <div class=\"cycloneslider-caption\"> <div class=\"cycloneslider-caption-title\">Salon<\/div> <div class=\"cycloneslider-caption-description\">Salon avec l'entr\u00e9e du jardin et coin cuisine. Tables d\u00e9ploy\u00e9es.<\/div> <\/div> <\/div> <div class=\"cycloneslider-slide cycloneslider-slide-image\" > <img src=\"https:\/\/wpgit-staging.chrilleferna.opalstacked.com\/wp-content\/uploads\/2016\/03\/DSC8075-800x556.jpg\" alt=\"\" title=\"\" \/> <div class=\"cycloneslider-caption\"> <div class=\"cycloneslider-caption-title\">Coin cuisine<\/div> <div class=\"cycloneslider-caption-description\"><\/div> <\/div> <\/div> <div class=\"cycloneslider-slide cycloneslider-slide-image\" > <img src=\"https:\/\/wpgit-staging.chrilleferna.opalstacked.com\/wp-content\/uploads\/2016\/03\/DSC7944-800x556.jpg\" alt=\"\" title=\"\" \/> <div class=\"cycloneslider-caption\"> <div class=\"cycloneslider-caption-title\">Douche 1<\/div> <div class=\"cycloneslider-caption-description\"><\/div> <\/div> <\/div> <div class=\"cycloneslider-slide cycloneslider-slide-image\" > <img src=\"https:\/\/wpgit-staging.chrilleferna.opalstacked.com\/wp-content\/uploads\/2016\/03\/SAM_1744-800x556.jpg\" alt=\"\" title=\"\" \/> <div class=\"cycloneslider-caption\"> <div class=\"cycloneslider-caption-title\">Jardin<\/div> <div class=\"cycloneslider-caption-description\">Jardin cot\u00e9 sud<\/div> <\/div> <\/div> <div class=\"cycloneslider-slide cycloneslider-slide-image\" > <img src=\"https:\/\/wpgit-staging.chrilleferna.opalstacked.com\/wp-content\/uploads\/2016\/03\/SAM_1746-800x556.jpg\" alt=\"\" title=\"\" \/> <div class=\"cycloneslider-caption\"> <div class=\"cycloneslider-caption-title\">Jardin<\/div> <div class=\"cycloneslider-caption-description\">Jardin cot\u00e9 ouest en hiver<\/div> <\/div> <\/div> <div class=\"cycloneslider-slide cycloneslider-slide-image\" > <img src=\"https:\/\/wpgit-staging.chrilleferna.opalstacked.com\/wp-content\/uploads\/2016\/03\/DSC8448-800x556.jpg\" alt=\"\" title=\"\" \/> <div class=\"cycloneslider-caption\"> <div class=\"cycloneslider-caption-title\">Jardin<\/div> <div class=\"cycloneslider-caption-description\">Jardin cot\u00e9 ouest en \u00e9t\u00e9<\/div> <\/div> <\/div> <div class=\"cycloneslider-slide cycloneslider-slide-image\" > <img src=\"https:\/\/wpgit-staging.chrilleferna.opalstacked.com\/wp-content\/uploads\/2016\/03\/DSC8446-800x556.jpg\" alt=\"\" title=\"\" \/> <div class=\"cycloneslider-caption\"> <div class=\"cycloneslider-caption-title\">Jardin<\/div> <div class=\"cycloneslider-caption-description\"><\/div> <\/div> <\/div> <div class=\"cycloneslider-slide cycloneslider-slide-image\" > <img src=\"https:\/\/wpgit-staging.chrilleferna.opalstacked.com\/wp-content\/uploads\/2016\/03\/DSC8449-800x556.jpg\" alt=\"\" title=\"\" \/> <div class=\"cycloneslider-caption\"> <div class=\"cycloneslider-caption-title\">Jardin<\/div> <div class=\"cycloneslider-caption-description\">Jardin cot\u00e9 ouest avec vue sur Villard de Lans<\/div> <\/div> <\/div> <\/div> <div class=\"cycloneslider-pager\"><\/div> <a href=\"#\" class=\"cycloneslider-prev\"> <span class=\"arrow\"><\/span> <\/a> <a href=\"#\" class=\"cycloneslider-next\"> <span class=\"arrow\"><\/span> <\/a> <\/div>\n","protected":false},"excerpt":{"rendered":"","protected":false},"author":2,"featured_media":0,"parent":0,"menu_order":0,"comment_status":"closed","ping_status":"closed","template":"","meta":[],"acf":[],"_links":{"self":[{"href":"https:\/\/wpgit-staging.chrilleferna.opalstacked.com\/fr\/wp-json\/wp\/v2\/pages\/6"}],"collection":[{"href":"https:\/\/wpgit-staging.chrilleferna.opalstacked.com\/fr\/wp-json\/wp\/v2\/pages"}],"about":[{"href":"https:\/\/wpgit-staging.chrilleferna.opalstacked.com\/fr\/wp-json\/wp\/v2\/types\/page"}],"author":[{"embeddable":true,"href":"https:\/\/wpgit-staging.chrilleferna.opalstacked.com\/fr\/wp-json\/wp\/v2\/users\/2"}],"replies":[{"embeddable":true,"href":"https:\/\/wpgit-staging.chrilleferna.opalstacked.com\/fr\/wp-json\/wp\/v2\/comments?post=6"}],"version-history":[{"count":19,"href":"https:\/\/wpgit-staging.chrilleferna.opalstacked.com\/fr\/wp-json\/wp\/v2\/pages\/6\/revisions"}],"predecessor-version":[{"id":91,"href":"https:\/\/wpgit-staging.chrilleferna.opalstacked.com\/fr\/wp-json\/wp\/v2\/pages\/6\/revisions\/91"}],"wp:attachment":[{"href":"https:\/\/wpgit-staging.chrilleferna.opalstacked.com\/fr\/wp-json\/wp\/v2\/media?parent=6"}],"curies":[{"name":"wp","href":"https:\/\/api.w.org\/{rel}","templated":true}]}}